{"id":379,"date":"2020-09-24T16:37:39","date_gmt":"2020-09-24T14:37:39","guid":{"rendered":"https:\/\/metzgereivogel.de\/?page_id=379"},"modified":"2020-10-22T14:15:16","modified_gmt":"2020-10-22T12:15:16","slug":"partyservice","status":"publish","type":"page","link":"https:\/\/metzgereivogel.de\/?page_id=379","title":{"rendered":"Partyservice"},"content":{"rendered":"<p>[et_pb_section fb_built=&#8220;1&#8243; admin_label=&#8220;Hero Section&#8220; _builder_version=&#8220;4.6.3&#8243; background_color_gradient_direction=&#8220;131deg&#8220; background_image=&#8220;https:\/\/metzgereivogel.de\/wp-content\/uploads\/2020\/09\/Platte-rund.jpg&#8220; custom_padding=&#8220;233px|0px|7px|0px||&#8220; animation_style=&#8220;slide&#8220; animation_direction=&#8220;top&#8220; animation_intensity_slide=&#8220;2%&#8220; animation_starting_opacity=&#8220;100%&#8220;][et_pb_row _builder_version=&#8220;4.6.4&#8243; _module_preset=&#8220;default&#8220; custom_margin=&#8220;|auto|48px|auto||&#8220;][et_pb_column type=&#8220;4_4&#8243; _builder_version=&#8220;4.6.4&#8243; _module_preset=&#8220;default&#8220;][\/et_pb_column][\/et_pb_row][\/et_pb_section][et_pb_section fb_built=&#8220;1&#8243; admin_label=&#8220;About Us &#8220; _builder_version=&#8220;3.22&#8243; min_height=&#8220;872px&#8220; custom_padding=&#8220;21px|0px|14px|0px||&#8220;][et_pb_row _builder_version=&#8220;4.6.5&#8243; _module_preset=&#8220;default&#8220; background_image=&#8220;https:\/\/metzgereivogel.de\/wp-content\/uploads\/2020\/09\/tea_shop_42.jpg&#8220;][et_pb_column type=&#8220;4_4&#8243; _builder_version=&#8220;4.6.4&#8243; _module_preset=&#8220;default&#8220;][et_pb_text _builder_version=&#8220;4.6.4&#8243; _module_preset=&#8220;default&#8220; text_font=&#8220;|||||on|||&#8220; text_text_color=&#8220;#000000&#8243; text_font_size=&#8220;17px&#8220; header_font=&#8220;||||||||&#8220; header_text_color=&#8220;#e09900&#8243; header_font_size=&#8220;100px&#8220; header_line_height=&#8220;1.5em&#8220; background_enable_color=&#8220;off&#8220; width=&#8220;100%&#8220; max_width=&#8220;100%&#8220; header_font_size_tablet=&#8220;59px&#8220; header_font_size_phone=&#8220;42px&#8220; header_font_size_last_edited=&#8220;on|desktop&#8220; text_text_shadow_style=&#8220;preset1&#8243; border_radii=&#8220;on|42px|42px|42px|42px&#8220; border_color_all=&#8220;#7cda24&#8243;]<\/p>\n<h1 style=\"text-align: center;\">Unser Partyservice<\/h1>\n<p style=\"text-align: center;\">umfa\u00dft eine gro\u00dfe Bandbreite an kulinarischen Leckerbissen<\/p>\n<p style=\"text-align: center;\">[\/et_pb_text][\/et_pb_column][\/et_pb_row][et_pb_row _builder_version=&#8220;4.6.5&#8243; _module_preset=&#8220;default&#8220;][et_pb_column type=&#8220;4_4&#8243; _builder_version=&#8220;4.6.5&#8243; _module_preset=&#8220;default&#8220;][et_pb_divider color=&#8220;#e09900&#8243; _builder_version=&#8220;4.6.5&#8243; _module_preset=&#8220;default&#8220;][\/et_pb_divider][\/et_pb_column][\/et_pb_row][et_pb_row column_structure=&#8220;1_4,1_4,1_4,1_4&#8243; _builder_version=&#8220;4.6.5&#8243; _module_preset=&#8220;default&#8220; background_enable_image=&#8220;off&#8220; custom_padding=&#8220;|0px||||&#8220; border_width_all=&#8220;0px&#8220;][et_pb_column type=&#8220;1_4&#8243; _builder_version=&#8220;4.6.3&#8243; _module_preset=&#8220;default&#8220;][et_pb_blurb title=&#8220;Plattenservice&#8220; image=&#8220;https:\/\/metzgereivogel.de\/wp-content\/uploads\/2020\/09\/Platte_gem_3_2_020-1.jpg&#8220; _builder_version=&#8220;4.6.5&#8243; _module_preset=&#8220;default&#8220; custom_margin=&#8220;|0px||10px|false|false&#8220;]<\/p>\n<p style=\"text-align: left;\">Mit unserem Plattenservice k\u00f6nnen Sie Ihre Feier ganz einfach und flexibel planen. Ob K\u00e4se-platten, Fischplatten oder Anti-pastiplatten sowie Partybr\u00f6tchen. F\u00fcr jeden Anlass und Geschmack ist das Richtige dabei.<br \/> W\u00e4hlen Sie aus unserem vielf\u00e4ltigen Sortiment an haus-gemachten Partyplatten.<br \/> Selbstverst\u00e4ndlich k\u00f6nnen Sie auch unsere fachlich geschulten Mitarbeiter hinter der Theke ansprechen.<\/p>\n<p>[\/et_pb_blurb][\/et_pb_column][et_pb_column type=&#8220;1_4&#8243; _builder_version=&#8220;4.6.3&#8243; _module_preset=&#8220;default&#8220;][et_pb_blurb title=&#8220;Bratensortiment&#8220; image=&#8220;https:\/\/metzgereivogel.de\/wp-content\/uploads\/2020\/09\/kasseler_3_2_016.jpg&#8220; content_max_width=&#8220;931px&#8220; _builder_version=&#8220;4.6.4&#8243; _module_preset=&#8220;default&#8220;]<\/p>\n<p>W\u00e4hlen Sie aus unserer breiten Auswahl an Braten-Spezialit\u00e4ten.<br \/>wie Hals-, Kotelettrollbraten, J\u00e4gerbraten,<\/p>\n<ul>\n<li>Putenrollbraten gef\u00fcllt<\/li>\n<li>Grillbauch<\/li>\n<li>Pizzabraten<\/li>\n<li>Surbraten<\/li>\n<li>Kasseler in Bl\u00e4tterteig<\/li>\n<li>Schinken in Brotteig<\/li>\n<\/ul>\n<p>usw&#8230;&#8230;&#8230;.<\/p>\n<p>[\/et_pb_blurb][\/et_pb_column][et_pb_column type=&#8220;1_4&#8243; _builder_version=&#8220;4.6.3&#8243; _module_preset=&#8220;default&#8220;][et_pb_blurb title=&#8220;Grill und aus der Pfanne&#8220; image=&#8220;https:\/\/metzgereivogel.de\/wp-content\/uploads\/2020\/09\/gemischt_3_2_027.jpg&#8220; _builder_version=&#8220;4.6.5&#8243; _module_preset=&#8220;default&#8220;]<\/p>\n<p>Unser Partyservice liefert Ihnen eine bunte Auswahl an hausgemachten Grillspezialit\u00e4ten!<br \/> Sie m\u00fcssen sich um nichts weiter k\u00fcmmern, denn alles, was Sie f\u00fcr den leckeren Grillspa\u00df ben\u00f6tigen, kommt mit unserem Partyservice direkt zu Ihnen.<br \/> Lassen Sie es sich schmecken!<br \/>Wir liefern Ihnen zuverl\u00e4ssig alle K\u00f6stlichkeiten zum vereinbarten Termin.<\/p>\n<p>[\/et_pb_blurb][\/et_pb_column][et_pb_column type=&#8220;1_4&#8243; _builder_version=&#8220;4.6.3&#8243; _module_preset=&#8220;default&#8220;][et_pb_blurb title=&#8220;Beilagen&#8220; image=&#8220;https:\/\/metzgereivogel.de\/wp-content\/uploads\/2020\/09\/gemuese_3_2_012.jpg&#8220; _builder_version=&#8220;4.6.5&#8243; _module_preset=&#8220;default&#8220; custom_margin=&#8220;|10px|||false|false&#8220;]<\/p>\n<p><span>Nudeln, Reis, R\u00f6sti, Sp\u00e4tzle, Kn\u00f6del<br \/> K\u00f6rbe mit gemischten Partysemmeln und Partygeb\u00e4ck.<br \/> <\/span>Unsere feinen Salate\u00a0 sind die perfekte Beilage zu unseren Bratensortiment.<br \/> Hausgemachte Saucen und frische Dips erg\u00e4nzen das ganze<\/p>\n<p>[\/et_pb_blurb][\/et_pb_column][\/et_pb_row][et_pb_row _builder_version=&#8220;4.6.3&#8243; _module_preset=&#8220;default&#8220;][et_pb_column type=&#8220;4_4&#8243; _builder_version=&#8220;4.6.3&#8243; _module_preset=&#8220;default&#8220;][et_pb_divider _builder_version=&#8220;4.6.3&#8243; _module_preset=&#8220;default&#8220;][\/et_pb_divider][\/et_pb_column][\/et_pb_row][et_pb_row _builder_version=&#8220;4.6.4&#8243; _module_preset=&#8220;default&#8220;][et_pb_column type=&#8220;4_4&#8243; _builder_version=&#8220;4.6.4&#8243; _module_preset=&#8220;default&#8220;][et_pb_text _builder_version=&#8220;4.6.4&#8243; _module_preset=&#8220;default&#8220;]<\/p>\n<p style=\"text-align: center;\">Selbstverst\u00e4ndliche stellen wir individuell nach Ihren W\u00fcnschen <br \/>exquisite Men\u00fcs und Buffets zusammen, die Ihrem Fest eine ganz besonders feierliche Note verleihen.<\/p>\n<p>[\/et_pb_text][\/et_pb_column][\/et_pb_row][et_pb_row _builder_version=&#8220;4.6.5&#8243; _module_preset=&#8220;default&#8220;][et_pb_column type=&#8220;4_4&#8243; _builder_version=&#8220;4.6.5&#8243; _module_preset=&#8220;default&#8220;][dica_divi_carousel show_items_tablet=&#8220;2&#8243; show_items_mobile=&#8220;2&#8243; loop=&#8220;on&#8220; autoplay=&#8220;on&#8220; hoverpause=&#8220;on&#8220; scroller_effect=&#8220;on&#8220; dot_nav=&#8220;on&#8220; item_spacing=&#8220;8&#8243; item_vertical_align=&#8220;center&#8220; advanced_effect=&#8220;1&#8243; arrow_nav_color=&#8220;#e02b20&#8243; dots_color=&#8220;#000000&#8243; arrow_show_hover=&#8220;on&#8220; arrow_font_size=&#8220;24px&#8220; _builder_version=&#8220;4.6.5&#8243; _module_preset=&#8220;default&#8220; title_font=&#8220;|||||on|||&#8220; title_text_align=&#8220;center&#8220; title_font_size=&#8220;17px&#8220; hover_transition_delay=&#8220;250ms&#8220; hover_transition_speed_curve=&#8220;ease-in&#8220;][dica_divi_carouselitem title=&#8220;Salate&#8220; button_url_new_window=&#8220;1&#8243; image_lightbox=&#8220;on&#8220; _builder_version=&#8220;4.6.5&#8243; _module_preset=&#8220;default&#8220;]<\/p>\n<p><img loading=\"lazy\" decoding=\"async\" src=\"https:\/\/metzgereivogel.de\/wp-content\/uploads\/2020\/09\/schnittchen_3_2_023-300x200.jpg\" width=\"300\" height=\"200\" alt=\"\" class=\"wp-image-425 alignnone size-medium\" \/><\/p>\n<p>[\/dica_divi_carouselitem][dica_divi_carouselitem title=&#8220;Beilagen&#8220; button_url_new_window=&#8220;1&#8243; _builder_version=&#8220;4.6.5&#8243; _module_preset=&#8220;default&#8220;]<\/p>\n<p><img loading=\"lazy\" decoding=\"async\" src=\"https:\/\/metzgereivogel.de\/wp-content\/uploads\/2020\/09\/gemuese_3_2_012-300x200.jpg\" width=\"300\" height=\"200\" alt=\"\" class=\"wp-image-411 alignnone size-medium\" \/><\/p>\n<p>[\/dica_divi_carouselitem][dica_divi_carouselitem title=&#8220;Beilagen&#8220; button_url_new_window=&#8220;1&#8243; _builder_version=&#8220;4.6.5&#8243; _module_preset=&#8220;default&#8220;]<\/p>\n<p><img loading=\"lazy\" decoding=\"async\" src=\"https:\/\/metzgereivogel.de\/wp-content\/uploads\/2020\/09\/salate_3_2_025-300x200.jpg\" width=\"300\" height=\"200\" alt=\"\" class=\"wp-image-423 alignnone size-medium\" \/><\/p>\n<p>[\/dica_divi_carouselitem][dica_divi_carouselitem title=&#8220;Brot u Saucen&#8220; button_url_new_window=&#8220;1&#8243; _builder_version=&#8220;4.6.5&#8243; _module_preset=&#8220;default&#8220;]<\/p>\n<p><img loading=\"lazy\" decoding=\"async\" src=\"https:\/\/metzgereivogel.de\/wp-content\/uploads\/2020\/09\/Salat_Brot_3_2_008-300x200.jpg\" width=\"300\" height=\"200\" alt=\"\" class=\"wp-image-421 alignnone size-medium\" \/><\/p>\n<p>[\/dica_divi_carouselitem][dica_divi_carouselitem title=&#8220;frisches Obst&#8220; button_url_new_window=&#8220;1&#8243; _builder_version=&#8220;4.6.5&#8243; _module_preset=&#8220;default&#8220;]<\/p>\n<p><img loading=\"lazy\" decoding=\"async\" src=\"https:\/\/metzgereivogel.de\/wp-content\/uploads\/2020\/09\/obst_3_2_018-300x200.jpg\" width=\"300\" height=\"200\" alt=\"\" class=\"wp-image-417 alignnone size-medium\" \/><\/p>\n<p>[\/dica_divi_carouselitem][dica_divi_carouselitem title=&#8220;Braten vom feinsten&#8220; button_url_new_window=&#8220;1&#8243; _builder_version=&#8220;4.6.5&#8243; _module_preset=&#8220;default&#8220;]<\/p>\n<p><img loading=\"lazy\" decoding=\"async\" src=\"https:\/\/metzgereivogel.de\/wp-content\/uploads\/2020\/09\/gemischt_3_2_027-300x200.jpg\" width=\"300\" height=\"200\" alt=\"\" class=\"wp-image-409 alignnone size-medium\" \/><\/p>\n<p>[\/dica_divi_carouselitem][dica_divi_carouselitem title=&#8220;Dessert&#8220; button_url_new_window=&#8220;1&#8243; _builder_version=&#8220;4.6.5&#8243; _module_preset=&#8220;default&#8220;]<\/p>\n<p><img loading=\"lazy\" decoding=\"async\" src=\"https:\/\/metzgereivogel.de\/wp-content\/uploads\/2020\/09\/Dessert01_3_2_010-300x200.jpg\" width=\"300\" height=\"200\" alt=\"\" class=\"wp-image-407 alignnone size-medium\" \/><\/p>\n<p>[\/dica_divi_carouselitem][\/dica_divi_carousel][\/et_pb_column][\/et_pb_row][et_pb_row _builder_version=&#8220;4.6.3&#8243; _module_preset=&#8220;default&#8220;][et_pb_column type=&#8220;4_4&#8243; _builder_version=&#8220;4.6.3&#8243; _module_preset=&#8220;default&#8220;][et_pb_gallery gallery_ids=&#8220;699,698,697,696,695,693,691,690,689,688,687,686,685,684,682,411&#8243; posts_number=&#8220;16&#8243; dbdb_version=&#8220;3.3.3&#8243; _builder_version=&#8220;4.6.6&#8243; _module_preset=&#8220;default&#8220; hover_enabled=&#8220;0&#8243; sticky_enabled=&#8220;0&#8243;][\/et_pb_gallery][\/et_pb_column][\/et_pb_row][et_pb_row _builder_version=&#8220;4.6.5&#8243; _module_preset=&#8220;default&#8220;][et_pb_column type=&#8220;4_4&#8243; _builder_version=&#8220;4.6.5&#8243; _module_preset=&#8220;default&#8220;][dica_divi_carousel advanced_effect=&#8220;1&#8243; _builder_version=&#8220;4.6.5&#8243; _module_preset=&#8220;default&#8220;][\/dica_divi_carousel][\/et_pb_column][\/et_pb_row][\/et_pb_section]<\/p>\n","protected":false},"excerpt":{"rendered":"<p>Unser Partyservice umfa\u00dft eine gro\u00dfe Bandbreite an kulinarischen Leckerbissen Mit unserem Plattenservice k\u00f6nnen Sie Ihre Feier ganz einfach und flexibel planen. Ob K\u00e4se-platten, Fischplatten oder Anti-pastiplatten sowie Partybr\u00f6tchen. F\u00fcr jeden Anlass und Geschmack ist das Richtige dabei. W\u00e4hlen Sie aus unserem vielf\u00e4ltigen Sortiment an haus-gemachten Partyplatten. Selbstverst\u00e4ndlich k\u00f6nnen Sie auch unsere fachlich geschulten Mitarbeiter hinter [&hellip;]<\/p>\n","protected":false},"author":1,"featured_media":0,"parent":0,"menu_order":0,"comment_status":"closed","ping_status":"closed","template":"","meta":{"_et_pb_use_builder":"on","_et_pb_old_content":"","_et_gb_content_width":"","footnotes":""},"class_list":["post-379","page","type-page","status-publish","hentry"],"_links":{"self":[{"href":"https:\/\/metzgereivogel.de\/index.php?rest_route=\/wp\/v2\/pages\/379","targetHints":{"allow":["GET"]}}],"collection":[{"href":"https:\/\/metzgereivogel.de\/index.php?rest_route=\/wp\/v2\/pages"}],"about":[{"href":"https:\/\/metzgereivogel.de\/index.php?rest_route=\/wp\/v2\/types\/page"}],"author":[{"embeddable":true,"href":"https:\/\/metzgereivogel.de\/index.php?rest_route=\/wp\/v2\/users\/1"}],"replies":[{"embeddable":true,"href":"https:\/\/metzgereivogel.de\/index.php?rest_route=%2Fwp%2Fv2%2Fcomments&post=379"}],"version-history":[{"count":35,"href":"https:\/\/metzgereivogel.de\/index.php?rest_route=\/wp\/v2\/pages\/379\/revisions"}],"predecessor-version":[{"id":704,"href":"https:\/\/metzgereivogel.de\/index.php?rest_route=\/wp\/v2\/pages\/379\/revisions\/704"}],"wp:attachment":[{"href":"https:\/\/metzgereivogel.de\/index.php?rest_route=%2Fwp%2Fv2%2Fmedia&parent=379"}],"curies":[{"name":"wp","href":"https:\/\/api.w.org\/{rel}","templated":true}]}}